{"id":1552,"date":"2025-06-28T18:27:15","date_gmt":"2025-06-28T18:27:15","guid":{"rendered":"https:\/\/autocheckai.ch\/neueste-fahrzeuginspektionen\/"},"modified":"2025-07-02T20:25:20","modified_gmt":"2025-07-02T20:25:20","slug":"neueste-fahrzeuginspektionen","status":"publish","type":"page","link":"https:\/\/autocheckai.ch\/fr\/neueste-fahrzeuginspektionen\/","title":{"rendered":"Neueste Fahrzeuginspektionen"},"content":{"rendered":"\n<div>\n<div style=\"margin-bottom: 60px;\">\n        <h2 style=\"color: #2a77ca; border-bottom: 2px solid #2a77ca; padding-bottom: 10px;\">\n \ud83d\udccaDerni\u00e8res v\u00e9rifications de v\u00e9hicules\n        <\/h2>\n        <p style=\"color: #666; margin-bottom: 30px;\">\n Consultez vos derni\u00e8res analyses et comparaisons de v\u00e9hicules.\n        <\/p>\n        \n        <?php echo do_shortcode('[cpcai_recent_comparisons limit=\"5\"]'); ???>\n    <\/div>\n<\/div>\n<div class=\"cpcai-no-results\">Aucune analyse r\u00e9cente trouv\u00e9e. Commencez par analyser une voiture !<\/div>\n","protected":false},"excerpt":{"rendered":"<p>\ud83d\udccaDerni\u00e8res v\u00e9rifications de v\u00e9hicules Consultez vos derni\u00e8res analyses et comparaisons de v\u00e9hicules.<\/p>\n","protected":false},"author":1,"featured_media":0,"parent":0,"menu_order":0,"comment_status":"closed","ping_status":"closed","template":"","meta":{"inline_featured_image":false,"footnotes":""},"class_list":{"0":"post-1552","1":"page","2":"type-page","3":"status-publish","5":"infinite-scroll-item"},"yoast_head":"<!-- This site is optimized with the Yoast SEO plugin v27.6 - https:\/\/yoast.com\/product\/yoast-seo-wordpress\/ -->\n<title>Neueste Fahrzeuginspektionen - Auto Check AI<\/title>\n<meta name=\"robots\" content=\"index, follow, max-snippet:-1, max-image-preview:large, max-video-preview:-1\" \/>\n<link rel=\"canonical\" href=\"https:\/\/autocheckai.ch\/neueste-fahrzeuginspektionen\/\" \/>\n<meta property=\"og:locale\" content=\"fr_FR\" \/>\n<meta property=\"og:type\" content=\"article\" \/>\n<meta property=\"og:title\" content=\"Neueste Fahrzeuginspektionen - Auto Check AI\" \/>\n<meta property=\"og:description\" content=\"\ud83d\udccaDerni\u00e8res v\u00e9rifications de v\u00e9hicules Consultez vos derni\u00e8res analyses et comparaisons de v\u00e9hicules.\" \/>\n<meta property=\"og:url\" content=\"https:\/\/autocheckai.ch\/neueste-fahrzeuginspektionen\/\" \/>\n<meta property=\"og:site_name\" content=\"Auto Check AI\" \/>\n<meta property=\"article:modified_time\" content=\"2025-07-02T20:25:20+00:00\" \/>\n<meta name=\"twitter:card\" content=\"summary_large_image\" \/>\n<script type=\"application\/ld+json\" class=\"yoast-schema-graph\">{\"@context\":\"https:\\\/\\\/schema.org\",\"@graph\":[{\"@type\":\"WebPage\",\"@id\":\"https:\\\/\\\/autocheckai.ch\\\/neueste-fahrzeuginspektionen\\\/\",\"url\":\"https:\\\/\\\/autocheckai.ch\\\/neueste-fahrzeuginspektionen\\\/\",\"name\":\"Neueste Fahrzeuginspektionen - Auto Check AI\",\"isPartOf\":{\"@id\":\"https:\\\/\\\/autocheckai.ch\\\/#website\"},\"datePublished\":\"2025-06-28T18:27:15+00:00\",\"dateModified\":\"2025-07-02T20:25:20+00:00\",\"breadcrumb\":{\"@id\":\"https:\\\/\\\/autocheckai.ch\\\/neueste-fahrzeuginspektionen\\\/#breadcrumb\"},\"inLanguage\":\"fr-FR\",\"potentialAction\":[{\"@type\":\"ReadAction\",\"target\":[\"https:\\\/\\\/autocheckai.ch\\\/neueste-fahrzeuginspektionen\\\/\"]}]},{\"@type\":\"BreadcrumbList\",\"@id\":\"https:\\\/\\\/autocheckai.ch\\\/neueste-fahrzeuginspektionen\\\/#breadcrumb\",\"itemListElement\":[{\"@type\":\"ListItem\",\"position\":1,\"name\":\"Home\",\"item\":\"https:\\\/\\\/autocheckai.ch\\\/\"},{\"@type\":\"ListItem\",\"position\":2,\"name\":\"Neueste Fahrzeuginspektionen\"}]},{\"@type\":\"WebSite\",\"@id\":\"https:\\\/\\\/autocheckai.ch\\\/#website\",\"url\":\"https:\\\/\\\/autocheckai.ch\\\/\",\"name\":\"Auto Check AI\",\"description\":\"Clever kaufen. Sicher fahren. Pr\u00fcfen mit AI.\",\"publisher\":{\"@id\":\"https:\\\/\\\/autocheckai.ch\\\/#organization\"},\"alternateName\":\"Clever kaufen. Sicher fahren. Pr\u00fcfen mit AI.\",\"potentialAction\":[{\"@type\":\"SearchAction\",\"target\":{\"@type\":\"EntryPoint\",\"urlTemplate\":\"https:\\\/\\\/autocheckai.ch\\\/?s={search_term_string}\"},\"query-input\":{\"@type\":\"PropertyValueSpecification\",\"valueRequired\":true,\"valueName\":\"search_term_string\"}}],\"inLanguage\":\"fr-FR\"},{\"@type\":\"Organization\",\"@id\":\"https:\\\/\\\/autocheckai.ch\\\/#organization\",\"name\":\"Auto Check AI\",\"url\":\"https:\\\/\\\/autocheckai.ch\\\/\",\"logo\":{\"@type\":\"ImageObject\",\"inLanguage\":\"fr-FR\",\"@id\":\"https:\\\/\\\/autocheckai.ch\\\/#\\\/schema\\\/logo\\\/image\\\/\",\"url\":\"https:\\\/\\\/autocheckai.ch\\\/wp-content\\\/uploads\\\/2025\\\/06\\\/car-AI-price-check.svg\",\"contentUrl\":\"https:\\\/\\\/autocheckai.ch\\\/wp-content\\\/uploads\\\/2025\\\/06\\\/car-AI-price-check.svg\",\"width\":350,\"height\":167,\"caption\":\"Auto Check AI\"},\"image\":{\"@id\":\"https:\\\/\\\/autocheckai.ch\\\/#\\\/schema\\\/logo\\\/image\\\/\"}}]}<\/script>\n<!-- \/ Yoast SEO plugin. -->","yoast_head_json":{"title":"Neueste Fahrzeuginspektionen - Auto Check AI","robots":{"index":"index","follow":"follow","max-snippet":"max-snippet:-1","max-image-preview":"max-image-preview:large","max-video-preview":"max-video-preview:-1"},"canonical":"https:\/\/autocheckai.ch\/neueste-fahrzeuginspektionen\/","og_locale":"fr_FR","og_type":"article","og_title":"Neueste Fahrzeuginspektionen - Auto Check AI","og_description":"\ud83d\udccaDerni\u00e8res v\u00e9rifications de v\u00e9hicules Consultez vos derni\u00e8res analyses et comparaisons de v\u00e9hicules.","og_url":"https:\/\/autocheckai.ch\/neueste-fahrzeuginspektionen\/","og_site_name":"Auto Check AI","article_modified_time":"2025-07-02T20:25:20+00:00","twitter_card":"summary_large_image","schema":{"@context":"https:\/\/schema.org","@graph":[{"@type":"WebPage","@id":"https:\/\/autocheckai.ch\/neueste-fahrzeuginspektionen\/","url":"https:\/\/autocheckai.ch\/neueste-fahrzeuginspektionen\/","name":"Neueste Fahrzeuginspektionen - Auto Check AI","isPartOf":{"@id":"https:\/\/autocheckai.ch\/#website"},"datePublished":"2025-06-28T18:27:15+00:00","dateModified":"2025-07-02T20:25:20+00:00","breadcrumb":{"@id":"https:\/\/autocheckai.ch\/neueste-fahrzeuginspektionen\/#breadcrumb"},"inLanguage":"fr-FR","potentialAction":[{"@type":"ReadAction","target":["https:\/\/autocheckai.ch\/neueste-fahrzeuginspektionen\/"]}]},{"@type":"BreadcrumbList","@id":"https:\/\/autocheckai.ch\/neueste-fahrzeuginspektionen\/#breadcrumb","itemListElement":[{"@type":"ListItem","position":1,"name":"Home","item":"https:\/\/autocheckai.ch\/"},{"@type":"ListItem","position":2,"name":"Neueste Fahrzeuginspektionen"}]},{"@type":"WebSite","@id":"https:\/\/autocheckai.ch\/#website","url":"https:\/\/autocheckai.ch\/","name":"Auto Check AI","description":"Clever kaufen. Sicher fahren. Pr\u00fcfen mit AI.","publisher":{"@id":"https:\/\/autocheckai.ch\/#organization"},"alternateName":"Clever kaufen. Sicher fahren. Pr\u00fcfen mit AI.","potentialAction":[{"@type":"SearchAction","target":{"@type":"EntryPoint","urlTemplate":"https:\/\/autocheckai.ch\/?s={search_term_string}"},"query-input":{"@type":"PropertyValueSpecification","valueRequired":true,"valueName":"search_term_string"}}],"inLanguage":"fr-FR"},{"@type":"Organization","@id":"https:\/\/autocheckai.ch\/#organization","name":"Auto Check AI","url":"https:\/\/autocheckai.ch\/","logo":{"@type":"ImageObject","inLanguage":"fr-FR","@id":"https:\/\/autocheckai.ch\/#\/schema\/logo\/image\/","url":"https:\/\/autocheckai.ch\/wp-content\/uploads\/2025\/06\/car-AI-price-check.svg","contentUrl":"https:\/\/autocheckai.ch\/wp-content\/uploads\/2025\/06\/car-AI-price-check.svg","width":350,"height":167,"caption":"Auto Check AI"},"image":{"@id":"https:\/\/autocheckai.ch\/#\/schema\/logo\/image\/"}}]}},"_links":{"self":[{"href":"https:\/\/autocheckai.ch\/fr\/wp-json\/wp\/v2\/pages\/1552","targetHints":{"allow":["GET"]}}],"collection":[{"href":"https:\/\/autocheckai.ch\/fr\/wp-json\/wp\/v2\/pages"}],"about":[{"href":"https:\/\/autocheckai.ch\/fr\/wp-json\/wp\/v2\/types\/page"}],"author":[{"embeddable":true,"href":"https:\/\/autocheckai.ch\/fr\/wp-json\/wp\/v2\/users\/1"}],"replies":[{"embeddable":true,"href":"https:\/\/autocheckai.ch\/fr\/wp-json\/wp\/v2\/comments?post=1552"}],"version-history":[{"count":1,"href":"https:\/\/autocheckai.ch\/fr\/wp-json\/wp\/v2\/pages\/1552\/revisions"}],"predecessor-version":[{"id":1553,"href":"https:\/\/autocheckai.ch\/fr\/wp-json\/wp\/v2\/pages\/1552\/revisions\/1553"}],"wp:attachment":[{"href":"https:\/\/autocheckai.ch\/fr\/wp-json\/wp\/v2\/media?parent=1552"}],"curies":[{"name":"wp","href":"https:\/\/api.w.org\/{rel}","templated":true}]}}